{"id":56,"date":"2024-06-08T18:37:23","date_gmt":"2024-06-08T18:37:23","guid":{"rendered":"https:\/\/bs-kremstal.at\/?page_id=56"},"modified":"2026-04-04T12:32:41","modified_gmt":"2026-04-04T12:32:41","slug":"automatisch-gespeicherter-entwurf","status":"publish","type":"page","link":"https:\/\/bs-kremstal.at\/","title":{"rendered":""},"content":{"rendered":"<div class=\"vce-row-container\" data-vce-boxed-width=\"true\"><div class=\"vce-row vce-row--col-gap-30 vce-row-equal-height vce-row-content--top\" id=\"el-7df7bc4e\" data-vce-do-apply=\"all el-7df7bc4e\"><div class=\"vce-content-background-container\"><\/div><div class=\"vce-row-content\" data-vce-element-content=\"true\"><div class=\"vce-col vce-col--md-64p vce-col--xs-1 vce-col--xs-last vce-col--xs-first vce-col--sm-last vce-col--sm-first vce-col--md-first vce-col--lg-first vce-col--xl-first\" id=\"el-20f4da4f\"><div class=\"vce-col-inner\" data-vce-do-apply=\"border margin background  el-20f4da4f\"><div class=\"vce-col-content\" data-vce-element-content=\"true\" data-vce-do-apply=\"padding el-20f4da4f\"><div class=\"vce-yt-video-player vce-yt-video-player--align-left vce-yt-video-player--size-560x315\"><div class=\"vce vce-yt-video-player-wrapper\" id=\"el-1899873c\" data-vce-do-apply=\"all el-1899873c\" style=\"width: 560px;\"><div class=\"vce-yt-video-player-inner\"><iframe loading=\"lazy\" class=\"vce-yt-video-player-iframe\" src=\"https:\/\/www.youtube.com\/embed\/nNxDJZyXHTU?autoplay=0&amp;mute=0&amp;color=red&amp;controls=1&amp;loop=0&amp;rel=0&amp;start=0&amp;cc_load_policy=0&amp;iv_load_policy=3&amp;enablejsapi=1\" width=\"640\" height=\"390\" allowfullscreen=\"\" title=\"YouTube video\"><\/iframe><\/div><\/div><\/div><div class=\"vce-text-block\"><div class=\"vce-text-block-wrapper vce\" id=\"el-40f8e35c\" data-vce-do-apply=\"all el-40f8e35c\"><p style=\"font-family: 'Source Sans Pro', Graphik, -apple-system, BlinkMacSystemFont, 'Segoe UI', Roboto, Oxygen-Sans, Ubuntu, Cantarell, 'Helvetica Neue', sans-serif; font-size: 18px; line-height: 1.25; text-align: center;\"><span style=\"font-family: tahoma, arial, helvetica, sans-serif;\"><span style=\"font-weight: bolder; font-size: 1.125rem;\"><span style=\"font-size: 24pt; color: maroon; letter-spacing: 1px;\">Herzlich Willkommen<\/span><\/span><\/span><\/p>\n<p style=\"font-family: 'Source Sans Pro', Graphik, -apple-system, BlinkMacSystemFont, 'Segoe UI', Roboto, Oxygen-Sans, Ubuntu, Cantarell, 'Helvetica Neue', sans-serif; font-size: 18px; line-height: 1.25; text-align: center;\"><span style=\"font-family: tahoma, arial, helvetica, sans-serif; font-size: 12pt;\"><span style=\"color: #333333;\">Der Bogenshop Kremstal wurde am 11. August 2012 er\u00f6ffnet. Die Inhaber Peter Dutzler und Helene Fischerlehner, beide vielfache Medaillen Gewinner in Staats-Landes- Welt- und Europameister-<\/span><\/span><span style=\"font-family: tahoma, arial, helvetica, sans-serif; font-size: 12pt;\"><span style=\"color: #333333;\">schaften, beraten und bedienen Sie pers\u00f6nlich. Unser Shop befindet sich inmitten des Kremstaler Bogensportzentrums, eine Anlage f\u00fcr jede Disziplin (3D, Fita und Feldbereich). Dar\u00fcber hinaus gibt es eine beheizte Halle und einen Schusskanal im Gesch\u00e4ft, in dem Sie den von Ihnen ausgew\u00e4hlten Bogen vor Ort testen k\u00f6nnen. Ganz nach dem Motto <\/span><\/span><span style=\"font-family: tahoma, arial, helvetica, sans-serif; font-size: 12pt; color: #800000;\"><span style=\"font-weight: bolder;\">\"Service is our success\"&nbsp;<\/span><\/span><span style=\"font-size: 12pt; font-family: tahoma, arial, helvetica, sans-serif; color: #333333;\">werden die KundInnen rundum betreut.<\/span><\/p>\n<p style=\"font-family: 'Source Sans Pro', Graphik, -apple-system, BlinkMacSystemFont, 'Segoe UI', Roboto, Oxygen-Sans, Ubuntu, Cantarell, 'Helvetica Neue', sans-serif; font-size: 18px; line-height: 1.25; text-align: center;\"><span style=\"font-family: tahoma, arial, helvetica, sans-serif; font-size: 12pt;\"><span style=\"font-weight: bolder;\"><span style=\"color: #333333;\">Helene Fischerlehner<\/span><\/span><span style=\"color: #333333;\"> ist eine aufstrebende Sch\u00fctzin mit gro\u00dfen Zielen und noch besseren Ergebnissen.&nbsp; Helene hat einige Medallien Landesweit sowie International im 3D und Fita Bereich erschossen und ist somit auch 2fache Vize-Staatsmeisterin und Landesmeisterin.<\/span><\/span><\/p>\n<p class=\"MsoNormal\" style=\"margin-bottom: 6.75pt; font-family: 'Source Sans Pro', Graphik, -apple-system, BlinkMacSystemFont, 'Segoe UI', Roboto, Oxygen-Sans, Ubuntu, Cantarell, 'Helvetica Neue', sans-serif; font-size: 18px; background-image: initial; background-position: initial; background-size: initial; background-repeat: initial; background-attachment: initial; background-origin: initial; background-clip: initial; line-height: normal; text-align: center;\"><span style=\"font-family: tahoma, arial, helvetica, sans-serif; font-size: 12pt;\"><span style=\"font-weight: bolder;\"><span style=\"color: #333333;\">Peter Dutzler<\/span><\/span><span style=\"color: #333333;\"> ist bereits Staatsmeister im Bogenschie\u00dfen und war lange im \u00d6sterreichischen Kader vertreten. Peter, auch Obmann des BSV-Kremstal, hat 16 Staatsmeisterschaft Medaillen in verschiedenen Disziplinen gewonnen und zahlreiche Landesmeistertitel errungen.<\/span><\/span><\/p>\n<p><span style=\"font-size: 12pt; font-family: tahoma, arial, helvetica, sans-serif; color: maroon;\">Neueste Errungenschaft ist ein 3. Platz bei der Weltmeisterschaft HDHIAA 2024 mit dem Compound!<\/span><\/p>\n<p class=\"MsoNormal\" style=\"margin-bottom: 6.75pt; font-family: 'Source Sans Pro', Graphik, -apple-system, BlinkMacSystemFont, 'Segoe UI', Roboto, Oxygen-Sans, Ubuntu, Cantarell, 'Helvetica Neue', sans-serif; font-size: 18px; background-image: initial; background-position: initial; background-size: initial; background-repeat: initial; background-attachment: initial; background-origin: initial; background-clip: initial; line-height: normal; text-align: center;\">&nbsp;<\/p><\/div><\/div><\/div><\/div><\/div><div class=\"vce-col vce-col--md-auto vce-col--xs-1 vce-col--xs-last vce-col--xs-first vce-col--sm-last vce-col--sm-first\" id=\"el-dae4c2d0\"><div class=\"vce-col-inner\" data-vce-do-apply=\"border margin background  el-dae4c2d0\"><div class=\"vce-col-content\" data-vce-element-content=\"true\" data-vce-do-apply=\"padding el-dae4c2d0\"><div class=\"vce-text-block\"><div class=\"vce-text-block-wrapper vce\" id=\"el-0a90becc\" data-vce-do-apply=\"all el-0a90becc\"><p style=\"text-align: left; line-height: 1.5;\"><span style=\"font-family: tahoma, arial, helvetica, sans-serif; font-size: 12pt;\"><span style=\"font-weight: bolder;\"><span style=\"color: #800000;\">&nbsp;NEWS<\/span><\/span><\/span><\/p>\n<p style=\"text-align: left; line-height: 1.5;\"><span style=\"font-family: tahoma, arial, helvetica, sans-serif; font-size: 12pt;\"><span style=\"font-weight: bolder;\"><span style=\"color: #800000;\">\u00d6ffnungszeiten:<\/span><\/span><\/span><\/p>\n<p><span style=\"font-size: 16pt;\"><strong>Parcours Sperre<\/strong><\/span><\/p>\n<p><span style=\"font-size: 16pt;\"><strong>Montag 06.04. wegen<\/strong><\/span><\/p>\n<p><span style=\"font-size: 16pt;\"><strong>unserem Osterturnier<\/strong><\/span><\/p>\n<p style=\"text-align: left; line-height: 1.5;\"><strong><span style=\"font-family: tahoma, arial, helvetica, sans-serif; font-size: 12pt;\">Mittwoch-Freitag von 14-19h<\/span><\/strong><\/p>\n<p style=\"text-align: left; line-height: 1.5;\"><strong><span style=\"font-family: tahoma, arial, helvetica, sans-serif; font-size: 12pt;\">Samstag von 9-12h und von 14-17h<\/span><\/strong><\/p>\n<p style=\"text-align: left; line-height: 1.5;\"><span style=\"font-family: tahoma, arial, helvetica, sans-serif; font-size: 12pt;\">Au\u00dferhalb dieser Zeiten und an Feiertagen<\/span><br><span style=\"font-family: tahoma, arial, helvetica, sans-serif; font-size: 12pt;\">bitte einen Termin vereinbaren!<\/span><\/p>\n<p style=\"text-align: left; line-height: 1.5;\"><strong><span style=\"font-family: tahoma, arial, helvetica, sans-serif; font-size: 12pt;\">Parcours\/Halle T\u00e4glich von 9-19h ge\u00f6ffnet.<\/span><\/strong><\/p>\n<p style=\"text-align: left; line-height: 1.5;\"><span style=\"font-weight: bolder; font-size: 12pt;\"><span style=\"font-family: tahoma, arial, helvetica, sans-serif; color: #800000;\">Zu Hause Bogenschie\u00dfen?<\/span><\/span><br><span style=\"font-weight: bolder; font-size: 12pt;\"><span style=\"font-family: tahoma, arial, helvetica, sans-serif; color: #800000;\">Kein Problem, wir liefern und beraten gern was Sie dazu ben\u00f6tigen!<\/span><\/span><br><span style=\"font-family: tahoma, arial, helvetica, sans-serif; font-size: 12pt;\"><span style=\"font-weight: bolder;\"><a href=\"mailto:office@bs-kremstal.at\">office@bs-kremstal.at<\/a><br><\/span>Helene 0664 88430018<\/span><br><span style=\"font-family: tahoma, arial, helvetica, sans-serif; font-size: 12pt;\">Peter 0664 88430017&nbsp;<\/span><\/p>\n<p>&nbsp;<\/p><\/div><\/div><\/div><\/div><\/div><div class=\"vce-col vce-col--md-6p vce-col--xs-1 vce-col--xs-last vce-col--xs-first vce-col--sm-last vce-col--sm-first vce-col--md-last vce-col--lg-last vce-col--xl-last\" id=\"el-5bcc0306\"><div class=\"vce-col-inner\" data-vce-do-apply=\"border margin background  el-5bcc0306\"><div class=\"vce-col-content\" data-vce-element-content=\"true\" data-vce-do-apply=\"padding el-5bcc0306\"><div class=\"vcv-row-control-wrapper\"><\/div><\/div><\/div><\/div><div class=\"vce-col vce-col--md-64p vce-col--xs-1 vce-col--xs-last vce-col--xs-first vce-col--sm-last vce-col--sm-first vce-col--md-first vce-col--lg-first vce-col--xl-first\" id=\"el-35549b85\"><div class=\"vce-col-inner\" data-vce-do-apply=\"border margin background  el-35549b85\"><div class=\"vce-col-content\" data-vce-element-content=\"true\" data-vce-do-apply=\"padding el-35549b85\"><div class=\"vce-text-block\"><div class=\"vce-text-block-wrapper vce\" id=\"el-1593f38b\" data-vce-do-apply=\"all el-1593f38b\"><p><span style=\"color: #800000; font-size: 12pt;\"><strong><span style=\"font-family: tahoma, arial, helvetica, sans-serif;\">Viele verschiedene <\/span><span style=\"font-family: tahoma, arial, helvetica, sans-serif;\">Bogensets Lagernd<\/span><\/strong><\/span><br><span style=\"font-family: tahoma, arial, helvetica, sans-serif; font-size: 12pt;\">-----------------------------------------<\/span><br><span style=\"font-family: tahoma, arial, helvetica, sans-serif; font-size: 12pt;\"><strong>Kinder Bogenset<\/strong> ab \u20ac 120,-<\/span><br><span style=\"font-family: tahoma, arial, helvetica, sans-serif; font-size: 12pt;\"><strong>Starterset<\/strong> ab \u20ac 150,-<\/span><br><span style=\"font-family: tahoma, arial, helvetica, sans-serif; font-size: 12pt;\"><strong>ILF Bogenset<\/strong> mit<\/span><br><span style=\"font-family: tahoma, arial, helvetica, sans-serif; font-size: 12pt;\">Carbon Wurfarmen und jede<\/span><br><span style=\"font-family: tahoma, arial, helvetica, sans-serif; font-size: 12pt;\">Menge Zubeh\u00f6r ab \u20ac 350,-<\/span><br><span style=\"font-family: tahoma, arial, helvetica, sans-serif; font-size: 12pt;\"><strong>Compound<\/strong> je nach zusammenstellung<\/span><br><span style=\"font-family: tahoma, arial, helvetica, sans-serif; font-size: 12pt;\">ab ca. \u20ac 350,-<\/span><br><span style=\"font-family: tahoma, arial, helvetica, sans-serif; font-size: 12pt;\">----------------------------------------<\/span><br><span style=\"font-size: 12pt;\"><span style=\"font-family: tahoma, arial, helvetica, sans-serif;\">In unserer Flohmarktecke <\/span><span style=\"font-family: tahoma, arial, helvetica, sans-serif;\">im Gesch\u00e4ft<br>findest du <\/span><span style=\"font-family: tahoma, arial, helvetica, sans-serif;\">viele Produkte bis zu<\/span><\/span><br><span style=\"font-family: tahoma, arial, helvetica, sans-serif; font-size: 12pt;\"><strong>70% Reduziert<\/strong><\/span><\/p><\/div><\/div><\/div><\/div><\/div><div class=\"vce-col vce-col--md-30p vce-col--xs-1 vce-col--xs-last vce-col--xs-first vce-col--sm-last vce-col--sm-first vce-col--md-last vce-col--lg-last vce-col--xl-last\" id=\"el-f38f984f\"><div class=\"vce-col-inner\" data-vce-do-apply=\"border margin background  el-f38f984f\"><div class=\"vce-content-background-container\"><\/div><div class=\"vce-col-content\" data-vce-element-content=\"true\" data-vce-do-apply=\"padding el-f38f984f\"><div class=\"vcv-row-control-wrapper\"><\/div><\/div><\/div><\/div><\/div><\/div><\/div><div class=\"vce-row-container\" data-vce-boxed-width=\"true\"><div class=\"vce-row vce-row--col-gap-30 vce-row-equal-height vce-row-content--top\" id=\"el-3040acfc\" data-vce-do-apply=\"all el-3040acfc\"><div class=\"vce-row-content\" data-vce-element-content=\"true\"><div class=\"vce-col vce-col--md-auto vce-col--xs-1 vce-col--xs-last vce-col--xs-first vce-col--sm-last vce-col--sm-first vce-col--md-last vce-col--lg-last vce-col--xl-last vce-col--md-first vce-col--lg-first vce-col--xl-first\" id=\"el-a43ca084\"><div class=\"vce-col-inner\" data-vce-do-apply=\"border margin background  el-a43ca084\"><div class=\"vce-col-content\" data-vce-element-content=\"true\" data-vce-do-apply=\"padding el-a43ca084\"><div class=\"vce-text-block\"><div class=\"vce-text-block-wrapper vce\" id=\"el-9231d465\" data-vce-do-apply=\"all el-9231d465\"><p style=\"text-align: center;\"><span style=\"font-family: tahoma, arial, helvetica, sans-serif; font-size: 16pt;\"><strong><span style=\"color: maroon;\">Bogensportzentrum Nu\u00dfbach!<\/span><\/strong><\/span><br><span style=\"font-family: tahoma, arial, helvetica, sans-serif; font-size: 16pt;\"><strong><span style=\"line-height: 107%; color: maroon;\">Das Kompetenzzentrum in Sachen Bogensport in Ober\u00f6sterreich!<\/span><\/strong><\/span><br><span style=\"font-family: tahoma, arial, helvetica, sans-serif;\">Wir freuen uns auf ihren Besuch!<\/span><\/p><\/div><\/div><\/div><\/div><\/div><\/div><\/div><\/div>","protected":false},"excerpt":{"rendered":"<p>Herzlich Willkommen Der Bogenshop Kremstal wurde am 11. August 2012 er\u00f6ffnet. Die Inhaber Peter Dutzler und Helene Fischerlehner, beide vielfache Medaillen Gewinner in Staats-Landes- Welt- &hellip; <\/p>\n","protected":false},"author":1,"featured_media":0,"parent":0,"menu_order":0,"comment_status":"closed","ping_status":"closed","template":"","meta":{"footnotes":""},"class_list":["post-56","page","type-page","status-publish","hentry"],"_links":{"self":[{"href":"https:\/\/bs-kremstal.at\/index.php?rest_route=\/wp\/v2\/pages\/56","targetHints":{"allow":["GET"]}}],"collection":[{"href":"https:\/\/bs-kremstal.at\/index.php?rest_route=\/wp\/v2\/pages"}],"about":[{"href":"https:\/\/bs-kremstal.at\/index.php?rest_route=\/wp\/v2\/types\/page"}],"author":[{"embeddable":true,"href":"https:\/\/bs-kremstal.at\/index.php?rest_route=\/wp\/v2\/users\/1"}],"replies":[{"embeddable":true,"href":"https:\/\/bs-kremstal.at\/index.php?rest_route=%2Fwp%2Fv2%2Fcomments&post=56"}],"version-history":[{"count":78,"href":"https:\/\/bs-kremstal.at\/index.php?rest_route=\/wp\/v2\/pages\/56\/revisions"}],"predecessor-version":[{"id":251,"href":"https:\/\/bs-kremstal.at\/index.php?rest_route=\/wp\/v2\/pages\/56\/revisions\/251"}],"wp:attachment":[{"href":"https:\/\/bs-kremstal.at\/index.php?rest_route=%2Fwp%2Fv2%2Fmedia&parent=56"}],"curies":[{"name":"wp","href":"https:\/\/api.w.org\/{rel}","templated":true}]}}