{"id":135,"date":"2024-06-10T13:16:04","date_gmt":"2024-06-10T13:16:04","guid":{"rendered":"https:\/\/bs-kremstal.at\/?page_id=135"},"modified":"2026-02-04T12:39:34","modified_gmt":"2026-02-04T12:39:34","slug":"automatisch-gespeicherter-entwurf-4","status":"publish","type":"page","link":"https:\/\/bs-kremstal.at\/?page_id=135","title":{"rendered":""},"content":{"rendered":"<div class=\"vce-row-container\" data-vce-boxed-width=\"true\"><div class=\"vce-row vce-row--col-gap-30 vce-row-equal-height vce-row-content--top\" id=\"el-a6bee160\" data-vce-do-apply=\"all el-a6bee160\"><div class=\"vce-row-content\" data-vce-element-content=\"true\"><div class=\"vce-col vce-col--md-auto vce-col--xs-1 vce-col--xs-last vce-col--xs-first vce-col--sm-last vce-col--sm-first vce-col--md-last vce-col--lg-last vce-col--xl-last vce-col--md-first vce-col--lg-first vce-col--xl-first\" id=\"el-60d24595\"><div class=\"vce-col-inner\" data-vce-do-apply=\"border margin background  el-60d24595\"><div class=\"vce-col-content\" data-vce-element-content=\"true\" data-vce-do-apply=\"padding el-60d24595\"><div class=\"vce-text-block\"><div class=\"vce-text-block-wrapper vce\" id=\"el-e1025fd3\" data-vce-do-apply=\"all el-e1025fd3\"><p style=\"line-height: 1.5; text-align: center;\"><span style=\"color: #800000; font-size: 16pt;\"><strong><span style=\"font-family: tahoma, arial, helvetica, sans-serif;\">Leihausr\u00fcstung<\/span><\/strong><\/span><\/p>\n<p style=\"line-height: 1.5; text-align: center;\"><span style=\"color: #800000;\"><strong><span style=\"font-family: tahoma, arial, helvetica, sans-serif;\">Wenn au\u00dferhalb der \u00d6ffnungszeiten Leihausr\u00fcstung ben\u00f6tigt wird, bitte im Shop<\/span><\/strong><\/span><br><span style=\"color: #800000;\"><strong><span style=\"font-family: tahoma, arial, helvetica, sans-serif;\">telefonisch anfragen ob jemand vor Ort ist, danke!<\/span><\/strong><\/span><br><span style=\"font-family: tahoma, arial, helvetica, sans-serif;\"><strong><br><span style=\"color: #800000;\">Preise Leihausr\u00fcstung:<\/span><\/strong><\/span><br><span style=\"font-family: tahoma, arial, helvetica, sans-serif;\">Leihausr\u00fcstung Erwachsene: \u20ac 10,-<\/span><br><span style=\"font-family: tahoma, arial, helvetica, sans-serif;\">Leihausr\u00fcstung Kind (bis 12J): \u20ac 7,-<\/span><br><span style=\"font-family: tahoma, arial, helvetica, sans-serif;\">Tagesgeb\u00fchr Parcours (inkl. Halle): \u20ac 15,-<\/span><br><span style=\"font-family: tahoma, arial, helvetica, sans-serif;\"><strong><br><span style=\"color: #800000;\">Gruppenveranstaltung:<\/span><\/strong><\/span><br><br><span style=\"font-family: tahoma, arial, helvetica, sans-serif; color: #800000;\">Erwachsene:<\/span><br><span style=\"font-family: tahoma, arial, helvetica, sans-serif;\">1-9 Pers. a' \u20ac 35,-&nbsp; &nbsp; &nbsp;<\/span><br><span style=\"font-family: tahoma, arial, helvetica, sans-serif;\">10-15 Pers. a' \u20ac 32,-&nbsp; &nbsp; &nbsp;<\/span><br><span style=\"font-family: tahoma, arial, helvetica, sans-serif;\">ab 16 Pers. a' \u20ac 29,-<\/span><br><br><span style=\"font-family: tahoma, arial, helvetica, sans-serif; color: #800000;\">Jugendliche 12-16 Jahre:<\/span><br><span style=\"font-family: tahoma, arial, helvetica, sans-serif;\">\u20ac 18,- p.P.<\/span><br><span style=\"font-family: tahoma, arial, helvetica, sans-serif;\">Kinder bis 12 Jahre:<\/span><br><span style=\"font-family: tahoma, arial, helvetica, sans-serif;\">\u20ac 15,- p.P.<\/span><br><br><span style=\"font-family: tahoma, arial, helvetica, sans-serif; color: #800000;\">Schulklassen:<\/span><br><span style=\"font-family: tahoma, arial, helvetica, sans-serif;\">Preise auf Anfrage<\/span><br><br><span style=\"font-family: tahoma, arial, helvetica, sans-serif; color: #800000;\">Firmenveranstaltungen:<\/span><br><span style=\"font-family: tahoma, arial, helvetica, sans-serif;\">Preise auf Anfrage<\/span><br><br><span style=\"font-family: tahoma, arial, helvetica, sans-serif;\">Anfragen bitte unter 0664\/88 43 00 18&nbsp; <\/span><br><span style=\"font-family: tahoma, arial, helvetica, sans-serif;\">oder per E-Mail: <span style=\"color: #800000;\"><a style=\"color: #800000;\" href=\"mailto:office@bs-kremstal.at\">office@bs-kremstal.at<\/a><\/span><\/span><\/p><\/div><\/div><\/div><\/div><\/div><\/div><\/div><\/div>\n","protected":false},"excerpt":{"rendered":"<p>Leihausr\u00fcstung Wenn au\u00dferhalb der \u00d6ffnungszeiten Leihausr\u00fcstung ben\u00f6tigt wird, bitte im Shoptelefonisch anfragen ob jemand vor Ort ist, danke!Preise Leihausr\u00fcstung:Leihausr\u00fcstung Erwachsene: \u20ac 10,-Leihausr\u00fcstung Kind (bis 12J): &hellip; <\/p>\n","protected":false},"author":1,"featured_media":0,"parent":0,"menu_order":0,"comment_status":"closed","ping_status":"closed","template":"","meta":{"footnotes":""},"class_list":["post-135","page","type-page","status-publish","hentry"],"_links":{"self":[{"href":"https:\/\/bs-kremstal.at\/index.php?rest_route=\/wp\/v2\/pages\/135","targetHints":{"allow":["GET"]}}],"collection":[{"href":"https:\/\/bs-kremstal.at\/index.php?rest_route=\/wp\/v2\/pages"}],"about":[{"href":"https:\/\/bs-kremstal.at\/index.php?rest_route=\/wp\/v2\/types\/page"}],"author":[{"embeddable":true,"href":"https:\/\/bs-kremstal.at\/index.php?rest_route=\/wp\/v2\/users\/1"}],"replies":[{"embeddable":true,"href":"https:\/\/bs-kremstal.at\/index.php?rest_route=%2Fwp%2Fv2%2Fcomments&post=135"}],"version-history":[{"count":4,"href":"https:\/\/bs-kremstal.at\/index.php?rest_route=\/wp\/v2\/pages\/135\/revisions"}],"predecessor-version":[{"id":243,"href":"https:\/\/bs-kremstal.at\/index.php?rest_route=\/wp\/v2\/pages\/135\/revisions\/243"}],"wp:attachment":[{"href":"https:\/\/bs-kremstal.at\/index.php?rest_route=%2Fwp%2Fv2%2Fmedia&parent=135"}],"curies":[{"name":"wp","href":"https:\/\/api.w.org\/{rel}","templated":true}]}}