{"id":105,"date":"2024-06-09T18:23:25","date_gmt":"2024-06-09T18:23:25","guid":{"rendered":"https:\/\/bs-kremstal.at\/?page_id=105"},"modified":"2025-01-04T13:09:56","modified_gmt":"2025-01-04T13:09:56","slug":"automatisch-gespeicherter-entwurf-3","status":"publish","type":"page","link":"https:\/\/bs-kremstal.at\/?page_id=105","title":{"rendered":""},"content":{"rendered":"<div class=\"vce-row-container\" data-vce-boxed-width=\"true\"><div class=\"vce-row vce-row--col-gap-30 vce-row-equal-height vce-row-content--top\" id=\"el-f472384c\" data-vce-do-apply=\"all el-f472384c\"><div class=\"vce-content-background-container\"><\/div><div class=\"vce-row-content\" data-vce-element-content=\"true\"><div class=\"vce-col vce-col--md-auto vce-col--xs-1 vce-col--xs-last vce-col--xs-first vce-col--sm-last vce-col--sm-first vce-col--md-last vce-col--lg-last vce-col--xl-last vce-col--md-first vce-col--lg-first vce-col--xl-first\" id=\"el-cb6079a1\"><div class=\"vce-col-inner\" data-vce-do-apply=\"border margin background  el-cb6079a1\"><div class=\"vce-col-content\" data-vce-element-content=\"true\" data-vce-do-apply=\"padding el-cb6079a1\"><div class=\"vce-text-block\"><div class=\"vce-text-block-wrapper vce\" id=\"el-a1d7de3d\" data-vce-do-apply=\"all el-a1d7de3d\"><p style=\"line-height: 1.5; text-align: center;\"><span style=\"font-family: tahoma, arial, helvetica, sans-serif; font-size: 14pt;\"><strong>Shop<\/strong><\/span><br><span style=\"font-family: tahoma, arial, helvetica, sans-serif; font-size: 12pt;\">Wir besorgen unsere Artikel \u00fcber die drei umfangreichsten Gro\u00dfh\u00e4ndler in Europa und auch anderen<br>Herstellern bei denen man sich ungeniert Artikel aussuchen kann die wir dann f\u00fcr euch schnellstens<br>besorgen! <\/span><span style=\"font-family: tahoma, arial, helvetica, sans-serif; font-size: 12pt;\">Einfach auf die Logos klicken und finden, f\u00fcr Angebote nachfragen unter<\/span><br><strong><span style=\"font-family: tahoma, arial, helvetica, sans-serif; font-size: 14pt; color: #800000;\"><a style=\"color: #800000;\" href=\"mailto:office@bs-kremstal.at?subject=Angebot\">office@bs-kremstal.at<\/a><\/span><\/strong><\/p><\/div><\/div><\/div><\/div><\/div><\/div><\/div><\/div><div class=\"vce-row-container\" data-vce-boxed-width=\"true\"><div class=\"vce-row vce-row--col-gap-30 vce-row-equal-height vce-row-content--top\" id=\"el-cd6757ba\" data-vce-do-apply=\"all el-cd6757ba\"><div class=\"vce-content-background-container\"><\/div><div class=\"vce-row-content\" data-vce-element-content=\"true\"><div class=\"vce-col vce-col--md-auto vce-col--xs-1 vce-col--xs-last vce-col--xs-first vce-col--sm-last vce-col--sm-first vce-col--md-first vce-col--lg-first vce-col--xl-first\" id=\"el-6fb35054\"><div class=\"vce-col-inner\" data-vce-do-apply=\"border margin background  el-6fb35054\"><div class=\"vce-col-content\" data-vce-element-content=\"true\" data-vce-do-apply=\"padding el-6fb35054\"><div class=\"vce-single-image-container vce-single-image--align-left\"><div class=\"vce vce-single-image-wrapper\" id=\"el-a9cf1d7a\" data-vce-do-apply=\"all el-a9cf1d7a\"><figure><div class=\"vce-single-image-figure-inner\" style=\"width: 225px;\"><a href=\"https:\/\/www.ssa-archery.com\/de-de\/\" title=\"\" target=\"_blank\" class=\"vce-single-image-inner vce-single-image--absolute\" style=\"width: 100%; padding-bottom: 100%;\"><img loading=\"lazy\" decoding=\"async\" class=\"vce-single-image\"  width=\"225\" height=\"225\" srcset=\"https:\/\/bs-kremstal.at\/wp-content\/uploads\/2025\/01\/ssa-225x225.jpg 225w\" src=\"https:\/\/bs-kremstal.at\/wp-content\/uploads\/2025\/01\/ssa-225x225.jpg\" data-img-src=\"https:\/\/bs-kremstal.at\/wp-content\/uploads\/2024\/06\/ssa.jpg\" data-attachment-id=\"113\"  alt=\"\" title=\"ssa\" \/><\/a><\/div><figcaption hidden=\"\"><\/figcaption><\/figure><\/div><\/div><\/div><\/div><\/div><div class=\"vce-col vce-col--md-auto vce-col--xs-1 vce-col--xs-last vce-col--xs-first vce-col--sm-last vce-col--sm-first\" id=\"el-9de2cd3a\"><div class=\"vce-col-inner\" data-vce-do-apply=\"border margin background  el-9de2cd3a\"><div class=\"vce-col-content\" data-vce-element-content=\"true\" data-vce-do-apply=\"padding el-9de2cd3a\"><div class=\"vce-single-image-container vce-single-image--align-left\"><div class=\"vce vce-single-image-wrapper\" id=\"el-ae519feb\" data-vce-do-apply=\"all el-ae519feb\"><figure><div class=\"vce-single-image-figure-inner\" style=\"width: 187px;\"><a href=\"https:\/\/www.bignami.it\/de\/\" title=\"\" target=\"_blank\" class=\"vce-single-image-inner vce-single-image--absolute\" style=\"width: 100%; padding-bottom: 94.6524%;\"><img loading=\"lazy\" decoding=\"async\" class=\"vce-single-image\"  width=\"187\" height=\"177\" srcset=\"https:\/\/bs-kremstal.at\/wp-content\/uploads\/2025\/01\/big-187x177.jpg 187w\" src=\"https:\/\/bs-kremstal.at\/wp-content\/uploads\/2025\/01\/big-187x177.jpg\" data-img-src=\"https:\/\/bs-kremstal.at\/wp-content\/uploads\/2024\/06\/big.jpg\" data-attachment-id=\"111\"  alt=\"\" title=\"big\" \/><\/a><\/div><figcaption hidden=\"\"><\/figcaption><\/figure><\/div><\/div><\/div><\/div><\/div><div class=\"vce-col vce-col--md-auto vce-col--xs-1 vce-col--xs-last vce-col--xs-first vce-col--sm-last vce-col--sm-first vce-col--md-last vce-col--lg-last vce-col--xl-last\" id=\"el-8c8ed6e8\"><div class=\"vce-col-inner\" data-vce-do-apply=\"border margin background  el-8c8ed6e8\"><div class=\"vce-col-content\" data-vce-element-content=\"true\" data-vce-do-apply=\"padding el-8c8ed6e8\"><div class=\"vce-single-image-container vce-single-image--align-left\"><div class=\"vce vce-single-image-wrapper\" id=\"el-623697a3\" data-vce-do-apply=\"all el-623697a3\"><figure><div class=\"vce-single-image-figure-inner\" style=\"width: 900px;\"><a href=\"https:\/\/www.jvd-archery.com\/\" title=\"\" target=\"_blank\" class=\"vce-single-image-inner vce-single-image--absolute\" style=\"width: 100%; padding-bottom: 100%;\"><img loading=\"lazy\" decoding=\"async\" class=\"vce-single-image\"  width=\"900\" height=\"900\" srcset=\"https:\/\/bs-kremstal.at\/wp-content\/uploads\/2024\/06\/jvd-320x320.jpg 320w, https:\/\/bs-kremstal.at\/wp-content\/uploads\/2024\/06\/jvd-480x480.jpg 480w, https:\/\/bs-kremstal.at\/wp-content\/uploads\/2024\/06\/jvd-800x800.jpg 800w, https:\/\/bs-kremstal.at\/wp-content\/uploads\/2024\/06\/jvd-900x800.jpg 900w\" src=\"https:\/\/bs-kremstal.at\/wp-content\/uploads\/2024\/06\/jvd-900x800.jpg\" data-img-src=\"https:\/\/bs-kremstal.at\/wp-content\/uploads\/2024\/06\/jvd.jpg\" data-attachment-id=\"112\"  alt=\"\" title=\"jvd\" \/><\/a><\/div><figcaption hidden=\"\"><\/figcaption><\/figure><\/div><\/div><\/div><\/div><\/div><\/div><\/div><\/div><div class=\"vce-row-container\" data-vce-boxed-width=\"true\"><div class=\"vce-row vce-row--col-gap-30 vce-row-equal-height vce-row-content--top\" id=\"el-c7720583\" data-vce-do-apply=\"all el-c7720583\"><div class=\"vce-content-background-container\"><\/div><div class=\"vce-row-content\" data-vce-element-content=\"true\"><div class=\"vce-col vce-col--md-auto vce-col--xs-1 vce-col--xs-last vce-col--xs-first vce-col--sm-last vce-col--sm-first vce-col--md-last vce-col--lg-last vce-col--xl-last vce-col--md-first vce-col--lg-first vce-col--xl-first\" id=\"el-c3410160\"><div class=\"vce-col-inner\" data-vce-do-apply=\"border margin background  el-c3410160\"><div class=\"vce-col-content\" data-vce-element-content=\"true\" data-vce-do-apply=\"padding el-c3410160\"><div class=\"vce-text-block\"><div class=\"vce-text-block-wrapper vce\" id=\"el-3bb18328\" data-vce-do-apply=\"all el-3bb18328\"><h6 style=\"line-height: 1.5; text-align: center;\"><span style=\"font-family: tahoma, arial, helvetica, sans-serif; font-size: 12pt;\">Wir haben uns Entschieden keinen Online Shop zu machen weil wir der Meinung sind dass ein Bogen<br>und die dazugeh\u00f6rigen Pfeile unbedingt auf den jeweiligen Sch\u00fctzen eingestellt werden m\u00fcssen um<br>richtig gute Ergebnisse erzielen zu k\u00f6nnen, dies kann Online unm\u00f6glich erfolgen!<\/span><br><span style=\"font-family: tahoma, arial, helvetica, sans-serif; font-size: 12pt;\">Wer jedoch Ware zu gesendet haben m\u00f6chte m\u00f6ge bitte eine E-Mail an <span style=\"color: #800000;\"><a style=\"color: #800000;\" href=\"mailto:office@bs-kremstal.at?subject=Angebot\">office@bs-kremstal.at<\/a><\/span> mit<br>den gew\u00fcnschten Artikel senden und wir werden uns in k\u00fcrze mit einem Angebot melden!<\/span><br><span style=\"font-family: tahoma, arial, helvetica, sans-serif; font-size: 12pt;\">Unsere Artikel reichen von der Schraube bis zur Kompletten Ausr\u00fcstung f\u00fcr Jagd-, Sport- und<br>Traditionellen Sch\u00fctzen!<\/span><br><br><span style=\"font-family: tahoma, arial, helvetica, sans-serif; font-size: 12pt; color: #800000;\"><strong>Zubeh\u00f6r<\/strong><\/span><br><span style=\"font-family: tahoma, arial, helvetica, sans-serif; font-size: 12pt;\">Wir k\u00f6nnen mit sehr viel Zubeh\u00f6r im Gesch\u00e4ft stolz aufatmen denn es ist nicht immer leicht dieses<br>auch zu bekommen! <\/span><span style=\"font-family: tahoma, arial, helvetica, sans-serif; font-size: 12pt;\">Es ist f\u00fcr jeden etwas dabei, ob f\u00fcr Jagt, Zubeh\u00f6r f\u00fcr B\u00f6gen, Zubeh\u00f6r f\u00fcr den<br>Sch\u00fctzen, Kleidung, Rucks\u00e4cke usw.!<\/span><br><span style=\"font-family: tahoma, arial, helvetica, sans-serif; font-size: 12pt;\">Wie immer: vorbeikommen lohnt sich und die Warenbest\u00e4nde ver\u00e4ndern sich st\u00e4ndig!<\/span><br><br><span style=\"font-family: tahoma, arial, helvetica, sans-serif; font-size: 12pt; color: #800000;\"><strong>3D Targets &amp; Zielscheiben<\/strong><\/span><br><span style=\"font-family: tahoma, arial, helvetica, sans-serif; font-size: 12pt;\">3D Targets von sehr vielen Herstellern sind bei uns zu erhalten. Zus\u00e4tzlich zum Angebot unserer<br>Gro\u00dfh\u00e4ndler besorgen wir auch <span style=\"color: #333333;\"><a style=\"color: #333333;\" href=\"https:\/\/www.leitold.at\/\">Leitold<\/a>,<a style=\"color: #333333;\" href=\"https:\/\/www.3d-targets.de\/\">&nbsp;Longlife<\/a>,&nbsp;<a style=\"color: #333333;\" href=\"https:\/\/www.franzbogen.de\/\">Franzbogen<\/a>&nbsp;und<\/span><a href=\"https:\/\/www.bs-kremstal.at\/images\/Italespanso.pdf\"><span style=\"color: #333333;\"> Italespanso und vieles mehr<\/span>&nbsp;<\/a>ist hier<br>erh\u00e4ltlich. <\/span><span style=\"font-family: tahoma, arial, helvetica, sans-serif; font-size: 12pt;\">Ruft einfach an oder schaut im Shop vorbei.<\/span><br><span style=\"font-family: tahoma, arial, helvetica, sans-serif; font-size: 12pt;\">Gerne helfen wir Euch das passende f\u00fcr Euren Parcours zu finden.<\/span><br><span style=\"font-family: tahoma, arial, helvetica, sans-serif; font-size: 12pt;\">Auch Zielscheiben, Auflagen und Pfeilf\u00e4nge verschiedenster Art sind hier erh\u00e4ltlich uns vieles<\/span><br><span style=\"font-family: tahoma, arial, helvetica, sans-serif; font-size: 12pt;\">auch lagernd! <\/span><span style=\"font-family: tahoma, arial, helvetica, sans-serif; font-size: 12pt;\">F\u00fcr Vereine haben wir nat\u00fcrlich sehr gute Kontitionen bereit,<br>deshalb seid nicht faul und meldet euch, wir w\u00fcrden uns freuen!<\/span><br><span style=\"font-family: tahoma, arial, helvetica, sans-serif; font-size: 12pt;\"><strong><br><span style=\"color: #800000;\">Leistungen, Produkte<\/span><\/strong><\/span><br><span style=\"font-family: tahoma, arial, helvetica, sans-serif; font-size: 12pt;\">Mit einem umfangreichen Sortiment, einem Vereinseigenen Bogenparcours und einer Schie\u00dfhalle<br>\u00fcberzeugt unser Bogensportzentrum Nu\u00dfbach in Ober\u00f6sterreich.<\/span><br><span style=\"font-family: tahoma, arial, helvetica, sans-serif; font-size: 12pt;\">In unserem Top-Betrieb Bogenshop Kremstal k\u00f6nnen sich sowohl Bogen- als auch Armbrustsch\u00fctzen<br>unabh\u00e4ngig von ihrem Leistungslevel komplett und individuell ausr\u00fcsten.<\/span><br><span style=\"font-family: tahoma, arial, helvetica, sans-serif; font-size: 12pt;\">Die Gesch\u00e4ftsr\u00e4ume bieten eine breite Auswahl an hochwertigen Schul-, Lang-, Recurve- und<br>Compoundb\u00f6gen sowie eine Vielfalt an Zubeh\u00f6r und Tuning Artikeln.<\/span><br><span style=\"font-family: tahoma, arial, helvetica, sans-serif; font-size: 12pt;\">Somit ist eine perfekte Ausstattung garantiert!<\/span><br><span style=\"font-family: tahoma, arial, helvetica, sans-serif; font-size: 12pt;\"><span style=\"color: #800000;\"><strong>\u00dcbrigens:<\/strong> <\/span>Wer diese Sportart einmal ausprobieren m\u00f6chte,<br>der bekommt bei uns im Bogenshop Kremstal eine Leihausr\u00fcstung!<\/span><\/h6><\/div><\/div><\/div><\/div><\/div><\/div><\/div><\/div><div class=\"vce-row-container\" data-vce-boxed-width=\"true\"><div class=\"vce-row vce-row--col-gap-30 vce-row-equal-height vce-row-content--top\" id=\"el-99e3295d\" data-vce-do-apply=\"all el-99e3295d\"><div class=\"vce-row-content\" data-vce-element-content=\"true\"><div class=\"vce-col vce-col--md-auto vce-col--xs-1 vce-col--xs-last vce-col--xs-first vce-col--sm-last vce-col--sm-first vce-col--md-last vce-col--lg-last vce-col--xl-last vce-col--md-first vce-col--lg-first vce-col--xl-first\" id=\"el-5298ca6c\"><div class=\"vce-col-inner\" data-vce-do-apply=\"border margin background  el-5298ca6c\"><div class=\"vce-col-content\" data-vce-element-content=\"true\" data-vce-do-apply=\"padding el-5298ca6c\"><div class=\"vcv-row-control-wrapper\"><\/div><\/div><\/div><\/div><\/div><\/div><\/div>","protected":false},"excerpt":{"rendered":"<p>ShopWir besorgen unsere Artikel \u00fcber die drei umfangreichsten Gro\u00dfh\u00e4ndler in Europa und auch anderenHerstellern bei denen man sich ungeniert Artikel aussuchen kann die wir dann &hellip; <\/p>\n","protected":false},"author":1,"featured_media":0,"parent":0,"menu_order":0,"comment_status":"closed","ping_status":"closed","template":"","meta":{"footnotes":""},"class_list":["post-105","page","type-page","status-publish","hentry"],"_links":{"self":[{"href":"https:\/\/bs-kremstal.at\/index.php?rest_route=\/wp\/v2\/pages\/105","targetHints":{"allow":["GET"]}}],"collection":[{"href":"https:\/\/bs-kremstal.at\/index.php?rest_route=\/wp\/v2\/pages"}],"about":[{"href":"https:\/\/bs-kremstal.at\/index.php?rest_route=\/wp\/v2\/types\/page"}],"author":[{"embeddable":true,"href":"https:\/\/bs-kremstal.at\/index.php?rest_route=\/wp\/v2\/users\/1"}],"replies":[{"embeddable":true,"href":"https:\/\/bs-kremstal.at\/index.php?rest_route=%2Fwp%2Fv2%2Fcomments&post=105"}],"version-history":[{"count":14,"href":"https:\/\/bs-kremstal.at\/index.php?rest_route=\/wp\/v2\/pages\/105\/revisions"}],"predecessor-version":[{"id":201,"href":"https:\/\/bs-kremstal.at\/index.php?rest_route=\/wp\/v2\/pages\/105\/revisions\/201"}],"wp:attachment":[{"href":"https:\/\/bs-kremstal.at\/index.php?rest_route=%2Fwp%2Fv2%2Fmedia&parent=105"}],"curies":[{"name":"wp","href":"https:\/\/api.w.org\/{rel}","templated":true}]}}